{"id":17,"date":"2020-02-11T09:56:39","date_gmt":"2020-02-11T08:56:39","guid":{"rendered":"http:\/\/aspicgames.fr\/?page_id=17"},"modified":"2020-10-01T17:56:09","modified_gmt":"2020-10-01T15:56:09","slug":"accueil","status":"publish","type":"page","link":"https:\/\/aspicgames.fr\/index.php\/accueil\/","title":{"rendered":"Accueil"},"content":{"rendered":"<p><strong><b>Les News \u00e0 ne pas manquer !<\/b><\/strong><b><\/b><\/p>\n<p><a href=\"https:\/\/aspicgames.fr\/wp-content\/uploads\/2020\/02\/83482424_3023426057692066_4275602108801089536_o.jpg\" data-elementor-open-lightbox=\"default\" data-elementor-lightbox-slideshow=\"e422a7b\" data-elementor-lightbox-index=\"0\"><\/a><\/p>\n<p><a href=\"https:\/\/aspicgames.fr\/wp-content\/uploads\/2020\/02\/83482424_3023426057692066_4275602108801089536_o.jpg\" data-elementor-open-lightbox=\"default\" data-elementor-lightbox-slideshow=\"e422a7b\" data-elementor-lightbox-index=\"0\"><\/a><\/p>\n<p><a href=\"https:\/\/aspicgames.fr\/wp-content\/uploads\/2020\/02\/83482424_3023426057692066_4275602108801089536_o.jpg\" data-elementor-open-lightbox=\"default\" data-elementor-lightbox-slideshow=\"e422a7b\" data-elementor-lightbox-index=\"0\"><\/a><\/p>\n<p><a href=\"https:\/\/aspicgames.fr\/wp-content\/uploads\/2020\/02\/83482424_3023426057692066_4275602108801089536_o.jpg\" data-elementor-open-lightbox=\"default\" data-elementor-lightbox-slideshow=\"e422a7b\" data-elementor-lightbox-index=\"0\"><\/a><\/p>\n<p><a href=\"https:\/\/aspicgames.fr\/wp-content\/uploads\/2020\/02\/83482424_3023426057692066_4275602108801089536_o.jpg\" data-elementor-open-lightbox=\"default\" data-elementor-lightbox-slideshow=\"e422a7b\" data-elementor-lightbox-index=\"0\"><\/a><\/p>\n<p><a href=\"https:\/\/aspicgames.fr\/wp-content\/uploads\/2020\/02\/83482424_3023426057692066_4275602108801089536_o.jpg\" data-elementor-open-lightbox=\"default\" data-elementor-lightbox-slideshow=\"e422a7b\" data-elementor-lightbox-index=\"0\"><\/a><\/p>\n<p><a href=\"https:\/\/aspicgames.fr\/wp-content\/uploads\/2020\/02\/83482424_3023426057692066_4275602108801089536_o.jpg\" data-elementor-open-lightbox=\"default\" data-elementor-lightbox-slideshow=\"e422a7b\" data-elementor-lightbox-index=\"0\"><\/a><\/p>\n<p><a href=\"https:\/\/aspicgames.fr\/wp-content\/uploads\/2020\/02\/83482424_3023426057692066_4275602108801089536_o.jpg\" data-elementor-open-lightbox=\"default\" data-elementor-lightbox-slideshow=\"e422a7b\" data-elementor-lightbox-index=\"0\"><\/p>\n<figure><img decoding=\"async\" src=\"https:\/\/aspicgames.fr\/wp-content\/uploads\/2020\/02\/83482424_3023426057692066_4275602108801089536_o-300x300.jpg\" alt=\"83482424_3023426057692066_4275602108801089536_o\"><\/figure>\n<p><\/a><a href=\"https:\/\/aspicgames.fr\/wp-content\/uploads\/2020\/02\/83482424_3023426057692066_4275602108801089536_o.jpg\" data-elementor-open-lightbox=\"default\" data-elementor-lightbox-slideshow=\"e422a7b\" data-elementor-lightbox-index=\"0\"><\/a><a href=\"https:\/\/aspicgames.fr\/wp-content\/uploads\/2020\/02\/83482424_3023426057692066_4275602108801089536_o.jpg\" data-elementor-open-lightbox=\"default\" data-elementor-lightbox-slideshow=\"e422a7b\" data-elementor-lightbox-index=\"0\"><\/a><a href=\"https:\/\/aspicgames.fr\/wp-content\/uploads\/2020\/02\/83482424_3023426057692066_4275602108801089536_o.jpg\" data-elementor-open-lightbox=\"default\" data-elementor-lightbox-slideshow=\"e422a7b\" data-elementor-lightbox-index=\"0\"><\/a><a href=\"https:\/\/aspicgames.fr\/wp-content\/uploads\/2020\/02\/83482424_3023426057692066_4275602108801089536_o.jpg\" data-elementor-open-lightbox=\"default\" data-elementor-lightbox-slideshow=\"e422a7b\" data-elementor-lightbox-index=\"0\"><\/a><a href=\"https:\/\/aspicgames.fr\/wp-content\/uploads\/2020\/02\/83482424_3023426057692066_4275602108801089536_o.jpg\" data-elementor-open-lightbox=\"default\" data-elementor-lightbox-slideshow=\"e422a7b\" data-elementor-lightbox-index=\"0\"><\/a><a href=\"https:\/\/aspicgames.fr\/wp-content\/uploads\/2020\/02\/83482424_3023426057692066_4275602108801089536_o.jpg\" data-elementor-open-lightbox=\"default\" data-elementor-lightbox-slideshow=\"e422a7b\" data-elementor-lightbox-index=\"0\"><\/a><a href=\"https:\/\/aspicgames.fr\/wp-content\/uploads\/2020\/02\/83482424_3023426057692066_4275602108801089536_o.jpg\" data-elementor-open-lightbox=\"default\" data-elementor-lightbox-slideshow=\"e422a7b\" data-elementor-lightbox-index=\"0\"><\/a><a href=\"https:\/\/aspicgames.fr\/wp-content\/uploads\/2020\/02\/boite_dessus31.jpg\" data-elementor-open-lightbox=\"default\" data-elementor-lightbox-slideshow=\"e422a7b\" data-elementor-lightbox-index=\"1\"><\/a><\/p>\n<p><a href=\"https:\/\/aspicgames.fr\/wp-content\/uploads\/2020\/02\/boite_dessus31.jpg\" data-elementor-open-lightbox=\"default\" data-elementor-lightbox-slideshow=\"e422a7b\" data-elementor-lightbox-index=\"1\"><\/a><\/p>\n<p><a href=\"https:\/\/aspicgames.fr\/wp-content\/uploads\/2020\/02\/boite_dessus31.jpg\" data-elementor-open-lightbox=\"default\" data-elementor-lightbox-slideshow=\"e422a7b\" data-elementor-lightbox-index=\"1\"><\/a><\/p>\n<p><a href=\"https:\/\/aspicgames.fr\/wp-content\/uploads\/2020\/02\/boite_dessus31.jpg\" data-elementor-open-lightbox=\"default\" data-elementor-lightbox-slideshow=\"e422a7b\" data-elementor-lightbox-index=\"1\"><\/a><\/p>\n<p><a href=\"https:\/\/aspicgames.fr\/wp-content\/uploads\/2020\/02\/boite_dessus31.jpg\" data-elementor-open-lightbox=\"default\" data-elementor-lightbox-slideshow=\"e422a7b\" data-elementor-lightbox-index=\"1\"><\/a><\/p>\n<p><a href=\"https:\/\/aspicgames.fr\/wp-content\/uploads\/2020\/02\/boite_dessus31.jpg\" data-elementor-open-lightbox=\"default\" data-elementor-lightbox-slideshow=\"e422a7b\" data-elementor-lightbox-index=\"1\"><\/a><\/p>\n<p><a href=\"https:\/\/aspicgames.fr\/wp-content\/uploads\/2020\/02\/boite_dessus31.jpg\" data-elementor-open-lightbox=\"default\" data-elementor-lightbox-slideshow=\"e422a7b\" data-elementor-lightbox-index=\"1\"><\/a><\/p>\n<p><a href=\"https:\/\/aspicgames.fr\/wp-content\/uploads\/2020\/02\/boite_dessus31.jpg\" data-elementor-open-lightbox=\"default\" data-elementor-lightbox-slideshow=\"e422a7b\" data-elementor-lightbox-index=\"1\"><\/p>\n<figure><img decoding=\"async\" src=\"https:\/\/aspicgames.fr\/wp-content\/uploads\/2020\/02\/boite_dessus31-300x300.jpg\" alt=\"boite_dessus31\"><\/figure>\n<p><\/a><a href=\"https:\/\/aspicgames.fr\/wp-content\/uploads\/2020\/02\/boite_dessus31.jpg\" data-elementor-open-lightbox=\"default\" data-elementor-lightbox-slideshow=\"e422a7b\" data-elementor-lightbox-index=\"1\"><\/a><a href=\"https:\/\/aspicgames.fr\/wp-content\/uploads\/2020\/02\/boite_dessus31.jpg\" data-elementor-open-lightbox=\"default\" data-elementor-lightbox-slideshow=\"e422a7b\" data-elementor-lightbox-index=\"1\"><\/a><a href=\"https:\/\/aspicgames.fr\/wp-content\/uploads\/2020\/02\/boite_dessus31.jpg\" data-elementor-open-lightbox=\"default\" data-elementor-lightbox-slideshow=\"e422a7b\" data-elementor-lightbox-index=\"1\"><\/a><a href=\"https:\/\/aspicgames.fr\/wp-content\/uploads\/2020\/02\/boite_dessus31.jpg\" data-elementor-open-lightbox=\"default\" data-elementor-lightbox-slideshow=\"e422a7b\" data-elementor-lightbox-index=\"1\"><\/a><a href=\"https:\/\/aspicgames.fr\/wp-content\/uploads\/2020\/02\/boite_dessus31.jpg\" data-elementor-open-lightbox=\"default\" data-elementor-lightbox-slideshow=\"e422a7b\" data-elementor-lightbox-index=\"1\"><\/a><a href=\"https:\/\/aspicgames.fr\/wp-content\/uploads\/2020\/02\/boite_dessus31.jpg\" data-elementor-open-lightbox=\"default\" data-elementor-lightbox-slideshow=\"e422a7b\" data-elementor-lightbox-index=\"1\"><\/a><a href=\"https:\/\/aspicgames.fr\/wp-content\/uploads\/2020\/02\/boite_dessus31.jpg\" data-elementor-open-lightbox=\"default\" data-elementor-lightbox-slideshow=\"e422a7b\" data-elementor-lightbox-index=\"1\"><\/a><a href=\"https:\/\/aspicgames.fr\/wp-content\/uploads\/2020\/02\/ulule_succes.jpg\" data-elementor-open-lightbox=\"default\" data-elementor-lightbox-slideshow=\"e422a7b\" data-elementor-lightbox-index=\"2\"><\/a><\/p>\n<p><a href=\"https:\/\/aspicgames.fr\/wp-content\/uploads\/2020\/02\/ulule_succes.jpg\" data-elementor-open-lightbox=\"default\" data-elementor-lightbox-slideshow=\"e422a7b\" data-elementor-lightbox-index=\"2\"><\/a><\/p>\n<p><a href=\"https:\/\/aspicgames.fr\/wp-content\/uploads\/2020\/02\/ulule_succes.jpg\" data-elementor-open-lightbox=\"default\" data-elementor-lightbox-slideshow=\"e422a7b\" data-elementor-lightbox-index=\"2\"><\/a><\/p>\n<p><a href=\"https:\/\/aspicgames.fr\/wp-content\/uploads\/2020\/02\/ulule_succes.jpg\" data-elementor-open-lightbox=\"default\" data-elementor-lightbox-slideshow=\"e422a7b\" data-elementor-lightbox-index=\"2\"><\/a><\/p>\n<p><a href=\"https:\/\/aspicgames.fr\/wp-content\/uploads\/2020\/02\/ulule_succes.jpg\" data-elementor-open-lightbox=\"default\" data-elementor-lightbox-slideshow=\"e422a7b\" data-elementor-lightbox-index=\"2\"><\/a><\/p>\n<p><a href=\"https:\/\/aspicgames.fr\/wp-content\/uploads\/2020\/02\/ulule_succes.jpg\" data-elementor-open-lightbox=\"default\" data-elementor-lightbox-slideshow=\"e422a7b\" data-elementor-lightbox-index=\"2\"><\/a><\/p>\n<p><a href=\"https:\/\/aspicgames.fr\/wp-content\/uploads\/2020\/02\/ulule_succes.jpg\" data-elementor-open-lightbox=\"default\" data-elementor-lightbox-slideshow=\"e422a7b\" data-elementor-lightbox-index=\"2\"><\/a><\/p>\n<p><a href=\"https:\/\/aspicgames.fr\/wp-content\/uploads\/2020\/02\/ulule_succes.jpg\" data-elementor-open-lightbox=\"default\" data-elementor-lightbox-slideshow=\"e422a7b\" data-elementor-lightbox-index=\"2\"><\/p>\n<figure><img decoding=\"async\" src=\"https:\/\/aspicgames.fr\/wp-content\/uploads\/2020\/02\/ulule_succes-300x300.jpg\" alt=\"ulule_succes\"><\/figure>\n<p><\/a><a href=\"https:\/\/aspicgames.fr\/wp-content\/uploads\/2020\/02\/ulule_succes.jpg\" data-elementor-open-lightbox=\"default\" data-elementor-lightbox-slideshow=\"e422a7b\" data-elementor-lightbox-index=\"2\"><\/a><a href=\"https:\/\/aspicgames.fr\/wp-content\/uploads\/2020\/02\/ulule_succes.jpg\" data-elementor-open-lightbox=\"default\" data-elementor-lightbox-slideshow=\"e422a7b\" data-elementor-lightbox-index=\"2\"><\/a><a href=\"https:\/\/aspicgames.fr\/wp-content\/uploads\/2020\/02\/ulule_succes.jpg\" data-elementor-open-lightbox=\"default\" data-elementor-lightbox-slideshow=\"e422a7b\" data-elementor-lightbox-index=\"2\"><\/a><a href=\"https:\/\/aspicgames.fr\/wp-content\/uploads\/2020\/02\/ulule_succes.jpg\" data-elementor-open-lightbox=\"default\" data-elementor-lightbox-slideshow=\"e422a7b\" data-elementor-lightbox-index=\"2\"><\/a><a href=\"https:\/\/aspicgames.fr\/wp-content\/uploads\/2020\/02\/ulule_succes.jpg\" data-elementor-open-lightbox=\"default\" data-elementor-lightbox-slideshow=\"e422a7b\" data-elementor-lightbox-index=\"2\"><\/a><a href=\"https:\/\/aspicgames.fr\/wp-content\/uploads\/2020\/02\/ulule_succes.jpg\" data-elementor-open-lightbox=\"default\" data-elementor-lightbox-slideshow=\"e422a7b\" data-elementor-lightbox-index=\"2\"><\/a><a href=\"https:\/\/aspicgames.fr\/wp-content\/uploads\/2020\/02\/ulule_succes.jpg\" data-elementor-open-lightbox=\"default\" data-elementor-lightbox-slideshow=\"e422a7b\" data-elementor-lightbox-index=\"2\"><\/a><br \/>\nPr\u00e9c\u00e9dent<br \/>\nSuivant<\/p>\n   ","protected":false},"excerpt":{"rendered":"<p>Les News \u00e0 ne pas manquer ! Pr\u00e9c\u00e9dent Suivant<\/p>\n","protected":false},"author":2,"featured_media":0,"parent":0,"menu_order":0,"comment_status":"closed","ping_status":"closed","template":"","meta":{"footnotes":""},"_links":{"self":[{"href":"https:\/\/aspicgames.fr\/index.php\/wp-json\/wp\/v2\/pages\/17"}],"collection":[{"href":"https:\/\/aspicgames.fr\/index.php\/wp-json\/wp\/v2\/pages"}],"about":[{"href":"https:\/\/aspicgames.fr\/index.php\/wp-json\/wp\/v2\/types\/page"}],"author":[{"embeddable":true,"href":"https:\/\/aspicgames.fr\/index.php\/wp-json\/wp\/v2\/users\/2"}],"replies":[{"embeddable":true,"href":"https:\/\/aspicgames.fr\/index.php\/wp-json\/wp\/v2\/comments?post=17"}],"version-history":[{"count":18,"href":"https:\/\/aspicgames.fr\/index.php\/wp-json\/wp\/v2\/pages\/17\/revisions"}],"predecessor-version":[{"id":467,"href":"https:\/\/aspicgames.fr\/index.php\/wp-json\/wp\/v2\/pages\/17\/revisions\/467"}],"wp:attachment":[{"href":"https:\/\/aspicgames.fr\/index.php\/wp-json\/wp\/v2\/media?parent=17"}],"curies":[{"name":"wp","href":"https:\/\/api.w.org\/{rel}","templated":true}]}}