{"id":18,"date":"2020-02-11T09:56:39","date_gmt":"2020-02-11T08:56:39","guid":{"rendered":"http:\/\/aspicgames.fr\/?page_id=18"},"modified":"2023-12-14T15:41:43","modified_gmt":"2023-12-14T14:41:43","slug":"a-propos","status":"publish","type":"page","link":"https:\/\/aspicgames.fr\/index.php\/a-propos\/","title":{"rendered":"\u00c0 propos d&#8217;Aspic Games"},"content":{"rendered":"\n<figure class=\"wp-block-image size-large\"><img loading=\"lazy\" decoding=\"async\" width=\"1024\" height=\"439\" src=\"https:\/\/aspicgames.fr\/wp-content\/uploads\/2021\/09\/20210829_083232-1024x439.jpg\" alt=\"\" class=\"wp-image-560\" srcset=\"https:\/\/aspicgames.fr\/wp-content\/uploads\/2021\/09\/20210829_083232-1024x439.jpg 1024w, https:\/\/aspicgames.fr\/wp-content\/uploads\/2021\/09\/20210829_083232-600x258.jpg 600w, https:\/\/aspicgames.fr\/wp-content\/uploads\/2021\/09\/20210829_083232-300x129.jpg 300w, https:\/\/aspicgames.fr\/wp-content\/uploads\/2021\/09\/20210829_083232-768x330.jpg 768w, https:\/\/aspicgames.fr\/wp-content\/uploads\/2021\/09\/20210829_083232.jpg 1384w\" sizes=\"(max-width: 1024px) 100vw, 1024px\" \/><figcaption class=\"wp-element-caption\">Fond\u00e9e en 2019 par Laur\u00e8ne et Florian, <strong>Aspic Games<\/strong> est une maison d&#8217;\u00e9dition de jeux de soci\u00e9t\u00e9 qui vibre de joie de vivre et d&#8217;une passion pour la convivialit\u00e9. Nous nous consacrons \u00e0 la cr\u00e9ation de jeux de soci\u00e9t\u00e9 pour toute la famille, avec une attention particuli\u00e8re port\u00e9e sur des th\u00e8mes captivants et des tours de jeu dynamiques qui minimisent l&#8217;attente et maximisent le fun.<br><br>La vision qui guide Aspic Games est simple : infuser de la joie dans chaque jeu que nous cr\u00e9ons. Nous sommes convaincus que le jeu est une source pr\u00e9cieuse de plaisir, d&#8217;interaction et de partage. C&#8217;est pourquoi nous mettons un point d&#8217;honneur \u00e0 produire des jeux qui sont non seulement agr\u00e9ables \u00e0 jouer, mais qui sont aussi visuellement joyeux et color\u00e9s.<br><br>En ce qui concerne notre processus de cr\u00e9ation, nos premiers jeux ont \u00e9t\u00e9 enti\u00e8rement con\u00e7us en interne. Nous avons r\u00e9cemment commenc\u00e9 \u00e0 collaborer avec des auteurs ind\u00e9pendants, et nous sommes ravis de l&#8217;\u00e9nergie et de l&#8217;innovation qu&#8217;ils apportent \u00e0 notre \u00e9quipe.<br><br>Chez Aspic Games, nous avons toujours les yeux tourn\u00e9s vers l&#8217;avenir. Bien que nous soyons fiers de ce que nous avons accompli jusqu&#8217;\u00e0 pr\u00e9sent, nous sommes encore plus excit\u00e9s par ce qui nous attend. Nous continuons \u00e0 explorer de nouveaux th\u00e8mes, \u00e0 exp\u00e9rimenter de nouvelles m\u00e9caniques de jeu, et \u00e0 travailler avec des cr\u00e9ateurs passionn\u00e9s pour amener Aspic Games vers de nouvelles aventures.<br><br>Pour r\u00e9sumer, notre mission est de vous apporter le m\u00eame plaisir que celui que nous ressentons lorsque nous cr\u00e9ons ces jeux. Chez Aspic Games, nous croyons que la joie est faite pour \u00eatre partag\u00e9e, n&#8217;h\u00e9sitez pas \u00e0 venir \u00e0 notre rencontre lors des festivals ludiques !<\/figcaption><\/figure>\n\n\n\n<hr class=\"wp-block-separator has-alpha-channel-opacity\"\/>\n\n\n\n<h2 class=\"wp-block-heading has-text-align-center\"><a href=\"https:\/\/aspicgames.fr\/index.php\/se-retrouver\/\" data-type=\"URL\" data-id=\"https:\/\/aspicgames.fr\/index.php\/se-retrouver\/\">Retrouvez nous en festival !<\/a><\/h2>\n\n\n\n<hr class=\"wp-block-separator has-alpha-channel-opacity\"\/>\n\n\n\n<h2 class=\"wp-block-heading has-text-align-center\">Pour commander le jeu pour votre boutique ?<\/h2>\n\n\n\n<h2 class=\"wp-block-heading has-text-align-center\"><a href=\"https:\/\/aspicgames.fr\/index.php\/se-retrouver\/\" data-type=\"URL\" data-id=\"https:\/\/aspicgames.fr\/index.php\/se-retrouver\/\">FR M\u00e9tropole JeuDElire<\/a><\/h2>\n\n\n\n<h2 class=\"wp-block-heading has-text-align-center\"><a href=\"https:\/\/aspicgames.fr\/index.php\/se-retrouver\/\" data-type=\"URL\" data-id=\"https:\/\/aspicgames.fr\/index.php\/se-retrouver\/\">FR\/ENG Europe Surfin Meeple<\/a><\/h2>\n\n\n\n<h2 class=\"wp-block-heading has-text-align-center\"><a href=\"https:\/\/www.asmodeena.com\/en\/\" data-type=\"URL\" data-id=\"https:\/\/www.asmodeena.com\/en\/\">ENG US Asmodee<\/a><\/h2>\n\n\n\n<p>Retrouvez nos autres projets et animations avec <a href=\"http:\/\/www.lamuserie-echoppe.fr\" data-type=\"link\" data-id=\"www.lamuserie-echoppe.fr\">www.lamuserie-echoppe.fr<\/a><\/p>\n\n\n\n<p><\/p>\n\n\n\n<p><\/p>\n   ","protected":false},"excerpt":{"rendered":"<p>Retrouvez nous en festival ! Pour commander le jeu pour votre boutique ? FR M\u00e9tropole JeuDElire FR\/ENG Europe Surfin Meeple ENG US Asmodee Retrouvez nos autres projets et animations avec www.lamuserie-echoppe.fr<\/p>\n","protected":false},"author":1,"featured_media":0,"parent":0,"menu_order":0,"comment_status":"closed","ping_status":"closed","template":"","meta":{"footnotes":""},"_links":{"self":[{"href":"https:\/\/aspicgames.fr\/index.php\/wp-json\/wp\/v2\/pages\/18"}],"collection":[{"href":"https:\/\/aspicgames.fr\/index.php\/wp-json\/wp\/v2\/pages"}],"about":[{"href":"https:\/\/aspicgames.fr\/index.php\/wp-json\/wp\/v2\/types\/page"}],"author":[{"embeddable":true,"href":"https:\/\/aspicgames.fr\/index.php\/wp-json\/wp\/v2\/users\/1"}],"replies":[{"embeddable":true,"href":"https:\/\/aspicgames.fr\/index.php\/wp-json\/wp\/v2\/comments?post=18"}],"version-history":[{"count":12,"href":"https:\/\/aspicgames.fr\/index.php\/wp-json\/wp\/v2\/pages\/18\/revisions"}],"predecessor-version":[{"id":1423,"href":"https:\/\/aspicgames.fr\/index.php\/wp-json\/wp\/v2\/pages\/18\/revisions\/1423"}],"wp:attachment":[{"href":"https:\/\/aspicgames.fr\/index.php\/wp-json\/wp\/v2\/media?parent=18"}],"curies":[{"name":"wp","href":"https:\/\/api.w.org\/{rel}","templated":true}]}}