{"id":1812,"date":"2025-11-01T15:24:00","date_gmt":"2025-11-01T14:24:00","guid":{"rendered":"https:\/\/aspicgames.fr\/?page_id=1812"},"modified":"2025-10-06T16:24:03","modified_gmt":"2025-10-06T14:24:03","slug":"medieval-startup-creator-press-kit","status":"publish","type":"page","link":"https:\/\/aspicgames.fr\/index.php\/medieval-startup-creator-press-kit\/","title":{"rendered":"Medieval StartUp &#8211; Creator &#038; Press Kit"},"content":{"rendered":"\n<div class=\"wp-block-media-text is-stacked-on-mobile\"><figure class=\"wp-block-media-text__media\"><img loading=\"lazy\" decoding=\"async\" width=\"748\" height=\"896\" src=\"https:\/\/aspicgames.fr\/wp-content\/uploads\/2025\/10\/capsule_vertical.png\" alt=\"\" class=\"wp-image-1813 size-full\" srcset=\"https:\/\/aspicgames.fr\/wp-content\/uploads\/2025\/10\/capsule_vertical.png 748w, https:\/\/aspicgames.fr\/wp-content\/uploads\/2025\/10\/capsule_vertical-250x300.png 250w, https:\/\/aspicgames.fr\/wp-content\/uploads\/2025\/10\/capsule_vertical-600x719.png 600w\" sizes=\"(max-width: 748px) 100vw, 748px\" \/><\/figure><div class=\"wp-block-media-text__content\">\n<p>     <p><strong>FR : Pitch court<\/strong><em>Medieval StartUp<\/em> m\u00eale gestion de taverne, crafting et exploration dans une ambiance chaleureuse. <strong>Aucun \u00e9tat d\u2019\u00e9chec<\/strong> : jouez \u00e0 votre rythme, servez vos clients, am\u00e9liorez l\u2019auberge et tenez vos stands au march\u00e9. Explorez le marais pour collecter des ressources\u2026 et d\u00e9couvrir ses petits secrets.<\/p><p><strong>EN : Short pitch<\/strong><em>Medieval StartUp<\/em> blends tavern management, crafting and light exploration in a cozy medieval vibe. <strong>No fail state<\/strong> : play at your own pace: serve guests, upgrade your inn and run market stalls. Explore the marsh to gather resources and uncover its little secrets.<\/p><\/p>\n<\/div><\/div>\n\n\n\n<figure class=\"wp-block-table\"><table><tbody><tr><td><strong>Titre<\/strong><\/td><td class=\"has-text-align-left\" data-align=\"left\">Medieval StartUp<\/td><\/tr><tr><td><strong>Studio<\/strong><\/td><td class=\"has-text-align-left\" data-align=\"left\">Aspic Games (solo dev)<\/td><\/tr><tr><td><strong>Sortie<\/strong><\/td><td class=\"has-text-align-left\" data-align=\"left\"><strong>1 novembre 2025<\/strong> (Steam)<\/td><\/tr><tr><td><strong>Plateforme<\/strong><\/td><td class=\"has-text-align-left\" data-align=\"left\">PC (Windows)<\/td><\/tr><tr><td><strong>Prix<\/strong><\/td><td class=\"has-text-align-left\" data-align=\"left\">$10.99 USD \/ 10.79 \u20ac<\/td><\/tr><tr><td><strong>Langues<\/strong><\/td><td class=\"has-text-align-left\" data-align=\"left\">FR, EN, DE, IT, ES (UI &amp; textes)<\/td><\/tr><tr><td><strong>Genres\/Tags<\/strong><\/td><td class=\"has-text-align-left\" data-align=\"left\">Simulation, Casual, Shop Keeper, Cozy, Crafting, Medieval, Singleplayer<\/td><\/tr><tr><td><strong>Moteur<\/strong><\/td><td class=\"has-text-align-left\" data-align=\"left\">Unity<\/td><\/tr><tr><td><strong>Contact presse<\/strong><\/td><td class=\"has-text-align-left\" data-align=\"left\">gaming.aspic@gmail.com<\/td><\/tr><tr><td><strong>Steam<\/strong><\/td><td class=\"has-text-align-left\" data-align=\"left\">https:\/\/store.steampowered.com\/app\/3400050\/<\/td><\/tr><\/tbody><\/table><\/figure>\n\n\n\n<figure class=\"wp-block-embed is-type-video is-provider-youtube wp-block-embed-youtube wp-embed-aspect-16-9 wp-has-aspect-ratio\"><div class=\"wp-block-embed__wrapper\">\n<iframe loading=\"lazy\" title=\"Medieval StartUp - Teaser\" width=\"750\" height=\"422\" src=\"https:\/\/www.youtube.com\/embed\/qGwCXpxRhEk?feature=oembed\" frameborder=\"0\" allow=\"accelerometer; autoplay; clipboard-write; encrypted-media; gyroscope; picture-in-picture; web-share\" referrerpolicy=\"strict-origin-when-cross-origin\" allowfullscreen><\/iframe>\n<\/div><\/figure>\n   ","protected":false},"excerpt":{"rendered":"<p>FR : Pitch courtMedieval StartUp m\u00eale gestion de taverne, crafting et exploration dans une ambiance chaleureuse. Aucun \u00e9tat d\u2019\u00e9chec : jouez \u00e0 votre rythme, servez vos clients, am\u00e9liorez l\u2019auberge et tenez vos stands au march\u00e9. Explorez le marais pour collecter des ressources\u2026 et d\u00e9couvrir ses petits secrets. EN : Short [&hellip;]<\/p>\n","protected":false},"author":2,"featured_media":1814,"parent":0,"menu_order":0,"comment_status":"closed","ping_status":"closed","template":"","meta":{"footnotes":""},"_links":{"self":[{"href":"https:\/\/aspicgames.fr\/index.php\/wp-json\/wp\/v2\/pages\/1812"}],"collection":[{"href":"https:\/\/aspicgames.fr\/index.php\/wp-json\/wp\/v2\/pages"}],"about":[{"href":"https:\/\/aspicgames.fr\/index.php\/wp-json\/wp\/v2\/types\/page"}],"author":[{"embeddable":true,"href":"https:\/\/aspicgames.fr\/index.php\/wp-json\/wp\/v2\/users\/2"}],"replies":[{"embeddable":true,"href":"https:\/\/aspicgames.fr\/index.php\/wp-json\/wp\/v2\/comments?post=1812"}],"version-history":[{"count":4,"href":"https:\/\/aspicgames.fr\/index.php\/wp-json\/wp\/v2\/pages\/1812\/revisions"}],"predecessor-version":[{"id":1819,"href":"https:\/\/aspicgames.fr\/index.php\/wp-json\/wp\/v2\/pages\/1812\/revisions\/1819"}],"wp:featuredmedia":[{"embeddable":true,"href":"https:\/\/aspicgames.fr\/index.php\/wp-json\/wp\/v2\/media\/1814"}],"wp:attachment":[{"href":"https:\/\/aspicgames.fr\/index.php\/wp-json\/wp\/v2\/media?parent=1812"}],"curies":[{"name":"wp","href":"https:\/\/api.w.org\/{rel}","templated":true}]}}