{"id":369,"date":"2020-05-31T19:52:30","date_gmt":"2020-05-31T17:52:30","guid":{"rendered":"http:\/\/aspicgames.fr\/?page_id=369"},"modified":"2020-06-03T10:27:43","modified_gmt":"2020-06-03T08:27:43","slug":"evenements","status":"publish","type":"page","link":"https:\/\/aspicgames.fr\/index.php\/evenements\/","title":{"rendered":"Evenements"},"content":{"rendered":"<h2>Apr\u00e8s-midi Jeu<\/h2>\n<h5>Lundi 1 Juin, \u00e0 partir de 16 h<\/p>\n<p>Ev\u00e9nement termin\u00e9 !<\/h5>\n<p>Venez jouer \u00e0 Moustique Attaque avec les auteurs du jeu le temps d&#8217;une apr\u00e8s-midi. D\u00e9couvrez ou red\u00e9couvrez Moustique Attaque dans sa version num\u00e9rique.<\/p>\n<p>N&#8217;h\u00e9sitez pas ! Rejoignez une table \ud83d\ude00<\/p>\n<figure>\n\t\t\t\t\t\t\t\t\t\t\t<a data-elementor-open-lightbox=\"\" href=\"#\" target=\"_blank\" rel=\"noopener noreferrer\"><br \/>\n\t\t\t\t\t\t\t<img loading=\"lazy\" decoding=\"async\" width=\"150\" height=\"150\" src=\"https:\/\/aspicgames.fr\/wp-content\/uploads\/2020\/05\/00_Moustique_pirate-150x150.png\" alt=\"\" srcset=\"https:\/\/aspicgames.fr\/wp-content\/uploads\/2020\/05\/00_Moustique_pirate-150x150.png 150w, https:\/\/aspicgames.fr\/wp-content\/uploads\/2020\/05\/00_Moustique_pirate-300x300.png 300w, https:\/\/aspicgames.fr\/wp-content\/uploads\/2020\/05\/00_Moustique_pirate.png 512w\" sizes=\"(max-width: 150px) 100vw, 150px\" \/>\t\t\t\t\t\t\t\t<\/a><figcaption><\/figcaption><\/figure>\n<p>\t\t\t<a role=\"button\"><br \/>\n\t\t\t\t\t\tTable des Pirates<br \/>\n\t\t\t\t\t<\/a><br \/>\n\t\t\t<a href=\"https:\/\/meet.jit.si\/TabledesPirates\" target=\"_blank\" role=\"button\" rel=\"noopener noreferrer\"><br \/>\n\t\t\t\t\t\tChanel Vocal des Pirates<br \/>\n\t\t\t\t\t<\/a><\/p>\n<figure>\n\t\t\t\t\t\t\t\t\t\t\t<a data-elementor-open-lightbox=\"\" href=\"#\" target=\"_blank\" rel=\"noopener noreferrer\"><br \/>\n\t\t\t\t\t\t\t<img loading=\"lazy\" decoding=\"async\" width=\"150\" height=\"150\" src=\"https:\/\/aspicgames.fr\/wp-content\/uploads\/2020\/05\/00_Moustique_ninja-150x150.png\" alt=\"\" srcset=\"https:\/\/aspicgames.fr\/wp-content\/uploads\/2020\/05\/00_Moustique_ninja-150x150.png 150w, https:\/\/aspicgames.fr\/wp-content\/uploads\/2020\/05\/00_Moustique_ninja-300x300.png 300w, https:\/\/aspicgames.fr\/wp-content\/uploads\/2020\/05\/00_Moustique_ninja.png 512w\" sizes=\"(max-width: 150px) 100vw, 150px\" \/>\t\t\t\t\t\t\t\t<\/a><figcaption><\/figcaption><\/figure>\n<p>\t\t\t<a role=\"button\"><br \/>\n\t\t\t\t\t\tTable des Ninjas<br \/>\n\t\t\t\t\t<\/a><br \/>\n\t\t\t<a href=\"https:\/\/meet.jit.si\/TabledesNinjas\" role=\"button\"><br \/>\n\t\t\t\t\t\tChanel Vocal des Ninjas<br \/>\n\t\t\t\t\t<\/a><\/p>\n   ","protected":false},"excerpt":{"rendered":"<p>Apr\u00e8s-midi Jeu Lundi 1 Juin, \u00e0 partir de 16 h Ev\u00e9nement termin\u00e9 ! Venez jouer \u00e0 Moustique Attaque avec les auteurs du jeu le temps d&#8217;une apr\u00e8s-midi. D\u00e9couvrez ou red\u00e9couvrez Moustique Attaque dans sa version num\u00e9rique. N&#8217;h\u00e9sitez pas ! Rejoignez une table \ud83d\ude00 Table des Pirates Chanel Vocal des Pirates [&hellip;]<\/p>\n","protected":false},"author":2,"featured_media":0,"parent":0,"menu_order":0,"comment_status":"closed","ping_status":"closed","template":"","meta":{"footnotes":""},"_links":{"self":[{"href":"https:\/\/aspicgames.fr\/index.php\/wp-json\/wp\/v2\/pages\/369"}],"collection":[{"href":"https:\/\/aspicgames.fr\/index.php\/wp-json\/wp\/v2\/pages"}],"about":[{"href":"https:\/\/aspicgames.fr\/index.php\/wp-json\/wp\/v2\/types\/page"}],"author":[{"embeddable":true,"href":"https:\/\/aspicgames.fr\/index.php\/wp-json\/wp\/v2\/users\/2"}],"replies":[{"embeddable":true,"href":"https:\/\/aspicgames.fr\/index.php\/wp-json\/wp\/v2\/comments?post=369"}],"version-history":[{"count":29,"href":"https:\/\/aspicgames.fr\/index.php\/wp-json\/wp\/v2\/pages\/369\/revisions"}],"predecessor-version":[{"id":1106,"href":"https:\/\/aspicgames.fr\/index.php\/wp-json\/wp\/v2\/pages\/369\/revisions\/1106"}],"wp:attachment":[{"href":"https:\/\/aspicgames.fr\/index.php\/wp-json\/wp\/v2\/media?parent=369"}],"curies":[{"name":"wp","href":"https:\/\/api.w.org\/{rel}","templated":true}]}}