{"id":1173,"date":"2023-02-27T19:30:41","date_gmt":"2023-02-27T18:30:41","guid":{"rendered":"https:\/\/aspicgames.fr\/?post_type=product&#038;p=1173"},"modified":"2023-02-27T22:28:47","modified_gmt":"2023-02-27T21:28:47","slug":"brigands-mini-extension-pirate","status":"publish","type":"product","link":"https:\/\/aspicgames.fr\/index.php\/produit\/brigands-mini-extension-pirate\/","title":{"rendered":"Brigands &#8211; Mini Extension Pirate"},"content":{"rendered":"<p><em><strong>Personnage exclusif pour Brigands<\/strong><\/em><\/p>\n<p>La Pirate d\u00e9marre la partie avec un tr\u00e9sor, mais ne peux pas fuir un lieu avec une action \u00ab\u00a0Retour maison\u00a0\u00bb.<\/p>\n<p>R\u00e8gles :<\/p>\n<p>&#8211; D\u00e9marre la partie avec 5 pi\u00e8ces par adversaires.<\/p>\n   ","protected":false},"excerpt":{"rendered":"<p><em><strong>Personnage exclusif pour Brigands \u00e0 imprimer soi m\u00eame (PnP) &#8211; Contenu T\u00e9l\u00e9chargeable<br \/>\n<\/strong><\/em><\/p>\n<p>La Pirate d\u00e9marre la partie avec un tr\u00e9sor, mais ne peux pas fuir un lieu avec une action \u00ab\u00a0Retour maison\u00a0\u00bb.<\/p>\n","protected":false},"featured_media":1172,"template":"","meta":[],"product_brand":[],"product_cat":[37,27],"product_tag":[],"class_list":{"0":"post-1173","1":"product","2":"type-product","3":"status-publish","4":"has-post-thumbnail","6":"product_cat-extensions","7":"product_cat-jeux-famille","9":"first","10":"instock","11":"downloadable","12":"virtual","13":"sold-individually","14":"purchasable","15":"product-type-simple"},"_links":{"self":[{"href":"https:\/\/aspicgames.fr\/index.php\/wp-json\/wp\/v2\/product\/1173","targetHints":{"allow":["GET"]}}],"collection":[{"href":"https:\/\/aspicgames.fr\/index.php\/wp-json\/wp\/v2\/product"}],"about":[{"href":"https:\/\/aspicgames.fr\/index.php\/wp-json\/wp\/v2\/types\/product"}],"wp:featuredmedia":[{"embeddable":true,"href":"https:\/\/aspicgames.fr\/index.php\/wp-json\/wp\/v2\/media\/1172"}],"wp:attachment":[{"href":"https:\/\/aspicgames.fr\/index.php\/wp-json\/wp\/v2\/media?parent=1173"}],"wp:term":[{"taxonomy":"product_brand","embeddable":true,"href":"https:\/\/aspicgames.fr\/index.php\/wp-json\/wp\/v2\/product_brand?post=1173"},{"taxonomy":"product_cat","embeddable":true,"href":"https:\/\/aspicgames.fr\/index.php\/wp-json\/wp\/v2\/product_cat?post=1173"},{"taxonomy":"product_tag","embeddable":true,"href":"https:\/\/aspicgames.fr\/index.php\/wp-json\/wp\/v2\/product_tag?post=1173"}],"curies":[{"name":"wp","href":"https:\/\/api.w.org\/{rel}","templated":true}]}}