{"id":1556,"date":"2024-10-18T09:42:41","date_gmt":"2024-10-18T07:42:41","guid":{"rendered":"https:\/\/aspicgames.fr\/?post_type=product&#038;p=1556"},"modified":"2025-03-14T11:24:05","modified_gmt":"2025-03-14T10:24:05","slug":"coco-ninja","status":"publish","type":"product","link":"https:\/\/aspicgames.fr\/index.php\/produit\/coco-ninja\/","title":{"rendered":"Coco Ninja"},"content":{"rendered":"<p><o:p>Qui deviendra le ma\u00eetre du Coco-Ninjutsu ?<\/o:p><\/p>\r\n<p><o:p>Coco Ninja est un jeu d&rsquo;ambiance m\u00ealant observation, rapidit\u00e9 et r\u00e9flexes. Mimez, r\u00e9p\u00e9tez les techniques ninja et tapez sur la carte centrale avant les autres pour remporter la victoire. Attention aux erreurs ! Elles donneront l\u2019avantage \u00e0 vos adversaires. Ne prenez pas le melon trop vite\u2026 les ma\u00eetres Coco Ninjas ralentissent les plus rapides ! Dynamique, hilarant et 100 % vitamin\u00e9, Coco Ninja est id\u00e9al pour animer vos soir\u00e9es en famille ou entre amis.<\/o:p><\/p>\r\n<p><strong>2 \u00e0 6 joueurs<\/strong> \u00e0 partir de<strong> 8 ans <\/strong>pour une partie de <strong>10 minutes<\/strong><\/p>\r\n<p><iframe loading=\"lazy\" title=\"Ludochrono - Coco Ninja\" width=\"750\" height=\"422\" src=\"https:\/\/www.youtube.com\/embed\/arAI74qsApM?feature=oembed\" frameborder=\"0\" allow=\"accelerometer; autoplay; clipboard-write; encrypted-media; gyroscope; picture-in-picture; web-share\" referrerpolicy=\"strict-origin-when-cross-origin\" allowfullscreen><\/iframe><\/p>\r\n\r\n<div class=\"wp-block-columns is-layout-flex wp-container-core-columns-is-layout-9d6595d7 wp-block-columns-is-layout-flex\">\r\n<div class=\"wp-block-column is-layout-flow wp-block-column-is-layout-flow\" style=\"flex-basis: 100%;\">\r\n<div class=\"wp-block-buttons is-layout-flex wp-block-buttons-is-layout-flex\">\r\n<div class=\"wp-block-button\"><a class=\"wp-block-button__link\" href=\"https:\/\/aspicgames.fr\/wp-content\/uploads\/2024\/10\/Regles-CocoNinja.pdf\" target=\"_blank\" rel=\"noreferrer noopener\">T\u00e9l\u00e9charger les r\u00e8gles<\/a><\/div>\r\n<div><\/div>\r\n<div><a class=\"wp-block-button__link\" href=\"https:\/\/www.dropbox.com\/scl\/fo\/vi63y7028uwa9u9zf0pf3\/ANmPjoboPFX7-2m31yVhvZg?rlkey=eurqak19euo6b74sgshm94v60&amp;st=3bhzcokw&amp;dl=0\" target=\"_blank\" rel=\"noreferrer noopener\">T\u00e9l\u00e9charger le Kit Presse<\/a><\/div>\r\n\r\n\r\n\r\n\r\n<\/div>\r\n<\/div>\r\n<\/div>\r\n\r\n\r\n\r\n<div class=\"wp-block-buttons is-layout-flex wp-block-buttons-is-layout-flex\"><\/div>\r\n\r\n<p>&nbsp;<\/p>   ","protected":false},"excerpt":{"rendered":"<p>SORTIE 14 MARS 2025<\/p>\n<p>Devenez le ninja ultime en r\u00e9p\u00e9tant des gestes, des mots et des mimes. Soyez plus rapide que les autres et triomphez dans ce jeu 100% vitamin\u00e9 !<\/p>\n<p>2 \u00e0 6 joueurs \u00e0 partir de 8 ans<\/p>\n<p>\u2243 10 minutes<\/p>\n","protected":false},"featured_media":1607,"template":"","meta":[],"product_brand":[],"product_cat":[27],"product_tag":[],"class_list":{"0":"post-1556","1":"product","2":"type-product","3":"status-publish","4":"has-post-thumbnail","6":"product_cat-jeux-famille","8":"first","9":"instock","10":"shipping-taxable","11":"purchasable","12":"product-type-simple"},"_links":{"self":[{"href":"https:\/\/aspicgames.fr\/index.php\/wp-json\/wp\/v2\/product\/1556","targetHints":{"allow":["GET"]}}],"collection":[{"href":"https:\/\/aspicgames.fr\/index.php\/wp-json\/wp\/v2\/product"}],"about":[{"href":"https:\/\/aspicgames.fr\/index.php\/wp-json\/wp\/v2\/types\/product"}],"wp:featuredmedia":[{"embeddable":true,"href":"https:\/\/aspicgames.fr\/index.php\/wp-json\/wp\/v2\/media\/1607"}],"wp:attachment":[{"href":"https:\/\/aspicgames.fr\/index.php\/wp-json\/wp\/v2\/media?parent=1556"}],"wp:term":[{"taxonomy":"product_brand","embeddable":true,"href":"https:\/\/aspicgames.fr\/index.php\/wp-json\/wp\/v2\/product_brand?post=1556"},{"taxonomy":"product_cat","embeddable":true,"href":"https:\/\/aspicgames.fr\/index.php\/wp-json\/wp\/v2\/product_cat?post=1556"},{"taxonomy":"product_tag","embeddable":true,"href":"https:\/\/aspicgames.fr\/index.php\/wp-json\/wp\/v2\/product_tag?post=1556"}],"curies":[{"name":"wp","href":"https:\/\/api.w.org\/{rel}","templated":true}]}}