{"id":713,"date":"2022-05-30T11:42:27","date_gmt":"2022-05-30T09:42:27","guid":{"rendered":"https:\/\/aspicgames.fr\/?post_type=product&#038;p=713"},"modified":"2024-10-28T11:46:15","modified_gmt":"2024-10-28T10:46:15","slug":"brigands","status":"publish","type":"product","link":"https:\/\/aspicgames.fr\/index.php\/produit\/brigands\/","title":{"rendered":"Brigands"},"content":{"rendered":"<p>Brigands est un jeu de d\u00e9duction et de fourberie qui oppose un prince \u00e0 des bandes rivales de brigands. Le prince doit prot\u00e9ger les coffres de la ville contre les brigands. Si aucun brigand ne r\u00e9ussit \u00e0 voler 50 Ducats au royaume \u00e0 la fin des 6 tours de jeu, le prince est victorieux ! Sinon, c\u2019est le brigand le plus riche qui l\u2019emporte.<\/p>\r\n<p><iframe loading=\"lazy\" title=\"Brigands - TRAILER FR\" width=\"750\" height=\"422\" src=\"https:\/\/www.youtube.com\/embed\/dgXdjBwic3M?feature=oembed\" frameborder=\"0\" allow=\"accelerometer; autoplay; clipboard-write; encrypted-media; gyroscope; picture-in-picture; web-share\" referrerpolicy=\"strict-origin-when-cross-origin\" allowfullscreen><\/iframe><\/p>\r\n<p><iframe loading=\"lazy\" title=\"Ludochrono - Brigands\" width=\"750\" height=\"422\" src=\"https:\/\/www.youtube.com\/embed\/Hj8GLo7XSR0?feature=oembed\" frameborder=\"0\" allow=\"accelerometer; autoplay; clipboard-write; encrypted-media; gyroscope; picture-in-picture; web-share\" referrerpolicy=\"strict-origin-when-cross-origin\" allowfullscreen><\/iframe><\/p>\r\n<p><iframe loading=\"lazy\" title=\"Brigands - Pr\u00e9sentation, r\u00e8gles et avis\" width=\"750\" height=\"422\" src=\"https:\/\/www.youtube.com\/embed\/u7ZnsM7sFWI?feature=oembed\" frameborder=\"0\" allow=\"accelerometer; autoplay; clipboard-write; encrypted-media; gyroscope; picture-in-picture; web-share\" referrerpolicy=\"strict-origin-when-cross-origin\" allowfullscreen><\/iframe><\/p>\r\n<p><iframe loading=\"lazy\" title=\"\ud83d\udcb0 BRIGANDS \ud83d\udcb0 r\u00e8gle du jeu en fran\u00e7ais  par #expliquemoica #aspicgames\" width=\"750\" height=\"422\" src=\"https:\/\/www.youtube.com\/embed\/_ktpODoUhPY?feature=oembed\" frameborder=\"0\" allow=\"accelerometer; autoplay; clipboard-write; encrypted-media; gyroscope; picture-in-picture; web-share\" referrerpolicy=\"strict-origin-when-cross-origin\" allowfullscreen><\/iframe><\/p>\r\n<p><a href=\"https:\/\/www.youtube.com\/watch?v=_ktpODoUhPY\"><\/a><a href=\"https:\/\/undecent.fr\/2023\/03\/31\/brigands\/\"><img loading=\"lazy\" decoding=\"async\" src=\"https:\/\/aspicgames.fr\/wp-content\/uploads\/2022\/05\/undecent_brigands.png\" alt=\"\" class=\"alignnone wp-image-1276\" width=\"600\" height=\"338\" srcset=\"https:\/\/aspicgames.fr\/wp-content\/uploads\/2022\/05\/undecent_brigands.png 1017w, https:\/\/aspicgames.fr\/wp-content\/uploads\/2022\/05\/undecent_brigands-300x169.png 300w, https:\/\/aspicgames.fr\/wp-content\/uploads\/2022\/05\/undecent_brigands-768x433.png 768w, https:\/\/aspicgames.fr\/wp-content\/uploads\/2022\/05\/undecent_brigands-600x338.png 600w\" sizes=\"(max-width: 600px) 100vw, 600px\" \/><\/a><\/p>\r\n<p><a class=\"wp-block-button__link\" href=\"https:\/\/aspicgames.fr\/wp-content\/uploads\/2022\/08\/Regles_Brigands.pdf\" target=\"_blank\" rel=\"noreferrer noopener\">T\u00e9l\u00e9charger les r\u00e8gles<\/a> \u00a0\u00a0 <a class=\"wp-block-button__link\" href=\"https:\/\/www.dropbox.com\/scl\/fo\/o80elwk68wqzqrvaiket6\/h?rlkey=rqhzuyoldshpif5cvihpeuc3g&amp;dl=0\" target=\"_blank\" rel=\"noreferrer noopener\">Brigands &#8211; Kit Presse<\/a><\/p>\r\n\r\n<p>&nbsp;<\/p>   ","protected":false},"excerpt":{"rendered":"<p><strong>Sorti le 7 F\u00e9vrier 2023<\/strong><strong><em><\/em><\/strong><\/p>\n<p><strong> Un jeu de fourberies et d\u00e9duction<br \/><\/strong>Brigands est un jeu asym\u00e9trique qui oppose un prince \u00e0 des bandes de brigands, chacune rivalisant d&#8217;ing\u00e9niosit\u00e9 pour \u00eatre plus riche que les autres !<\/p>\n<p>2 \u00e0 6 joueurs \u00e0 partir de 10 ans<\/p>\n<p>\u2243 35 minutes<em><\/em><\/p>\n","protected":false},"featured_media":774,"template":"","meta":[],"product_cat":[27],"product_tag":[],"_links":{"self":[{"href":"https:\/\/aspicgames.fr\/index.php\/wp-json\/wp\/v2\/product\/713"}],"collection":[{"href":"https:\/\/aspicgames.fr\/index.php\/wp-json\/wp\/v2\/product"}],"about":[{"href":"https:\/\/aspicgames.fr\/index.php\/wp-json\/wp\/v2\/types\/product"}],"wp:featuredmedia":[{"embeddable":true,"href":"https:\/\/aspicgames.fr\/index.php\/wp-json\/wp\/v2\/media\/774"}],"wp:attachment":[{"href":"https:\/\/aspicgames.fr\/index.php\/wp-json\/wp\/v2\/media?parent=713"}],"wp:term":[{"taxonomy":"product_cat","embeddable":true,"href":"https:\/\/aspicgames.fr\/index.php\/wp-json\/wp\/v2\/product_cat?post=713"},{"taxonomy":"product_tag","embeddable":true,"href":"https:\/\/aspicgames.fr\/index.php\/wp-json\/wp\/v2\/product_tag?post=713"}],"curies":[{"name":"wp","href":"https:\/\/api.w.org\/{rel}","templated":true}]}}